{"id":3225,"date":"2025-12-04T13:33:52","date_gmt":"2025-12-04T13:33:52","guid":{"rendered":"https:\/\/adelcaservices.com\/?page_id=3225"},"modified":"2025-12-04T15:31:03","modified_gmt":"2025-12-04T15:31:03","slug":"politica-de-privacidad","status":"publish","type":"page","link":"https:\/\/adelcaservices.com\/en\/politica-de-privacidad\/","title":{"rendered":"Pol\u00edtica de Privacidad"},"content":{"rendered":"<div data-elementor-type=\"wp-page\" data-elementor-id=\"3225\" class=\"elementor elementor-3225\" data-elementor-post-type=\"page\">\n\t\t\t\t<div class=\"elementor-element elementor-element-a5cda37 e-flex e-con-boxed e-con e-parent\" data-id=\"a5cda37\" data-element_type=\"container\" data-settings=\"{&quot;background_background&quot;:&quot;classic&quot;}\">\n\t\t\t\t\t<div class=\"e-con-inner\">\n\t\t\t\t\t<\/div>\n\t\t\t\t<\/div>\n\t\t<div class=\"elementor-element elementor-element-eaedadf e-flex e-con-boxed e-con e-parent\" data-id=\"eaedadf\" data-element_type=\"container\">\n\t\t\t\t\t<div class=\"e-con-inner\">\n\t\t\t\t<div class=\"elementor-element elementor-element-d49d171 elementor-widget elementor-widget-heading\" data-id=\"d49d171\" data-element_type=\"widget\" data-widget_type=\"heading.default\">\n\t\t\t\t\t<h2 class=\"elementor-heading-title elementor-size-default\">Pol\u00edtica de privacidad<\/h2>\t\t\t\t<\/div>\n\t\t\t\t<div class=\"elementor-element elementor-element-c7f7fb7 elementor-widget elementor-widget-text-editor\" data-id=\"c7f7fb7\" data-element_type=\"widget\" data-widget_type=\"text-editor.default\">\n\t\t\t\t\t\t\t\t\t<p><strong>\u00daltima actualizaci\u00f3n: [04.12.2025]<\/strong><\/p><p>Esta Pol\u00edtica de Privacidad explica c\u00f3mo <strong>ADELCA SERVICES<\/strong> (\u00abnosotros\u00bb, \u00abnos\u00bb o \u00abnuestro\u00bb) recopila, utiliza y protege los datos personales de los visitantes y usuarios de nuestro sitio web <strong><a href=\"https:\/\/adelcaservices.com\/en\">https:\/\/adelcaservices.com\/<\/a><\/strong>. Al acceder o utilizar nuestro sitio web, usted acepta las pr\u00e1cticas descritas en esta Pol\u00edtica de Privacidad.<\/p>\t\t\t\t\t\t\t\t<\/div>\n\t\t\t\t\t<\/div>\n\t\t\t\t<\/div>\n\t\t<div class=\"elementor-element elementor-element-e6f4062 e-flex e-con-boxed e-con e-parent\" data-id=\"e6f4062\" data-element_type=\"container\">\n\t\t\t\t\t<div class=\"e-con-inner\">\n\t\t\t\t<div class=\"elementor-element elementor-element-84a0d00 elementor-widget elementor-widget-heading\" data-id=\"84a0d00\" data-element_type=\"widget\" data-widget_type=\"heading.default\">\n\t\t\t\t\t<h2 class=\"elementor-heading-title elementor-size-default\">1. Controlador de datos<\/h2>\t\t\t\t<\/div>\n\t\t\t\t<div class=\"elementor-element elementor-element-742a80e elementor-widget elementor-widget-text-editor\" data-id=\"742a80e\" data-element_type=\"widget\" data-widget_type=\"text-editor.default\">\n\t\t\t\t\t\t\t\t\t<p>El responsable del tratamiento de sus datos personales es:<\/p><p><strong>Propietario:<\/strong> Abel Del Casal Bullon<br \/><strong>Nombre de la empresa:<\/strong> ADELCA SERVICES<br \/><strong>Direcci\u00f3n:<\/strong> c\/ Moianes 53, 08014, Barcelona, \u200b\u200bEspa\u00f1a<br \/><strong>Correo electr\u00f3nico de contacto:<\/strong> protecciones@adelcaservices.com<br \/><strong>Tel\u00e9fono:<\/strong> +34 722 59 84 71<\/p>\t\t\t\t\t\t\t\t<\/div>\n\t\t\t\t\t<\/div>\n\t\t\t\t<\/div>\n\t\t<div class=\"elementor-element elementor-element-e1ae177 e-flex e-con-boxed e-con e-parent\" data-id=\"e1ae177\" data-element_type=\"container\">\n\t\t\t\t\t<div class=\"e-con-inner\">\n\t\t\t\t<div class=\"elementor-element elementor-element-ce8eafe elementor-widget elementor-widget-heading\" data-id=\"ce8eafe\" data-element_type=\"widget\" data-widget_type=\"heading.default\">\n\t\t\t\t\t<h2 class=\"elementor-heading-title elementor-size-default\">2. Informaci\u00f3n que Recopilamos<\/h2>\t\t\t\t<\/div>\n\t\t\t\t<div class=\"elementor-element elementor-element-14a32c4 elementor-widget elementor-widget-text-editor\" data-id=\"14a32c4\" data-element_type=\"widget\" data-widget_type=\"text-editor.default\">\n\t\t\t\t\t\t\t\t\t<p>Podemos recopilar las siguientes categor\u00edas de datos personales:<\/p><p><strong>2.1. Informaci\u00f3n que usted proporciona directamente<\/strong><\/p><p>\u2022 Nombre y apellidos<br \/>\u2022 Correo electr\u00f3nico<br \/>\u2022 N\u00famero de tel\u00e9fono<br \/>\u2022 Direcci\u00f3n postal<br \/>\u2022 Cualquier informaci\u00f3n enviada a trav\u00e9s de formularios de contacto o consultas<\/p><p><strong>2.2. Informaci\u00f3n recopilada autom\u00e1ticamente<\/strong><\/p><p>Al visitar nuestro sitio web, se recopilan autom\u00e1ticamente ciertos datos, como:<\/p><p>\u2022 Direcci\u00f3n IP<br \/>\u2022 Tipo y versi\u00f3n del navegador<br \/>\u2022 Informaci\u00f3n del dispositivo<br \/>\u2022 P\u00e1ginas visitadas y tiempo de permanencia<br \/>\u2022 Cookies y tecnolog\u00edas de seguimiento<\/p><p><strong>2.3. Cookies y seguimiento<\/strong><br \/><strong>Utilizamos cookies para:<\/strong><\/p><p>\u2022 Mejorar el rendimiento del sitio web<br \/>\u2022 Analizar el comportamiento del usuario<br \/>\u2022 Personalizar la experiencia del usuario<\/p><p>Puede configurar su navegador para bloquear o eliminar las cookies.<\/p>\t\t\t\t\t\t\t\t<\/div>\n\t\t\t\t\t<\/div>\n\t\t\t\t<\/div>\n\t\t<div class=\"elementor-element elementor-element-8eddcc9 e-flex e-con-boxed e-con e-parent\" data-id=\"8eddcc9\" data-element_type=\"container\">\n\t\t\t\t\t<div class=\"e-con-inner\">\n\t\t\t\t<div class=\"elementor-element elementor-element-7e6fddf elementor-widget elementor-widget-heading\" data-id=\"7e6fddf\" data-element_type=\"widget\" data-widget_type=\"heading.default\">\n\t\t\t\t\t<h2 class=\"elementor-heading-title elementor-size-default\">3. C\u00f3mo utilizamos su informaci\u00f3n<\/h2>\t\t\t\t<\/div>\n\t\t\t\t<div class=\"elementor-element elementor-element-210811c elementor-widget elementor-widget-text-editor\" data-id=\"210811c\" data-element_type=\"widget\" data-widget_type=\"text-editor.default\">\n\t\t\t\t\t\t\t\t\t<p>Utilizamos sus datos personales para los siguientes fines:<\/p><p>\u2022 Responder a consultas y brindar atenci\u00f3n al cliente<br \/>\u2022 Prestar los servicios que ha solicitado<br \/>\u2022 Mejorar el sitio web y la experiencia del usuario<br \/>\u2022 Enviar comunicaciones administrativas o relacionadas con el servicio<br \/>\u2022 Cumplir con las obligaciones legales<\/p><p>No vendemos su informaci\u00f3n personal.<\/p>\t\t\t\t\t\t\t\t<\/div>\n\t\t\t\t\t<\/div>\n\t\t\t\t<\/div>\n\t\t<div class=\"elementor-element elementor-element-a2a5c50 e-flex e-con-boxed e-con e-parent\" data-id=\"a2a5c50\" data-element_type=\"container\">\n\t\t\t\t\t<div class=\"e-con-inner\">\n\t\t\t\t<div class=\"elementor-element elementor-element-fcb9980 elementor-widget elementor-widget-heading\" data-id=\"fcb9980\" data-element_type=\"widget\" data-widget_type=\"heading.default\">\n\t\t\t\t\t<h2 class=\"elementor-heading-title elementor-size-default\">4. Base legal para el tratamiento<\/h2>\t\t\t\t<\/div>\n\t\t\t\t<div class=\"elementor-element elementor-element-7a29b0d elementor-widget elementor-widget-text-editor\" data-id=\"7a29b0d\" data-element_type=\"widget\" data-widget_type=\"text-editor.default\">\n\t\t\t\t\t\t\t\t\t<p>Tratamos sus datos personales bajo las siguientes bases legales, de acuerdo con el Reglamento General de Protecci\u00f3n de Datos (RGPD):<\/p><p>\u2022 Consentimiento: Cuando usted env\u00eda informaci\u00f3n voluntariamente a trav\u00e9s de formularios.<br \/>\u2022 Necesidad contractual: Para prestar los servicios solicitados.<br \/>\u2022 Obligaci\u00f3n legal: Para cumplir con la legislaci\u00f3n aplicable.<br \/>\u2022 Inter\u00e9s leg\u00edtimo: Para mejorar nuestro sitio web y comunicarnos con los usuarios.<\/p>\t\t\t\t\t\t\t\t<\/div>\n\t\t\t\t\t<\/div>\n\t\t\t\t<\/div>\n\t\t<div class=\"elementor-element elementor-element-711b587 e-flex e-con-boxed e-con e-parent\" data-id=\"711b587\" data-element_type=\"container\">\n\t\t\t\t\t<div class=\"e-con-inner\">\n\t\t\t\t<div class=\"elementor-element elementor-element-a0942ed elementor-widget elementor-widget-heading\" data-id=\"a0942ed\" data-element_type=\"widget\" data-widget_type=\"heading.default\">\n\t\t\t\t\t<h2 class=\"elementor-heading-title elementor-size-default\">5. Intercambio de informaci\u00f3n<\/h2>\t\t\t\t<\/div>\n\t\t\t\t<div class=\"elementor-element elementor-element-c071442 elementor-widget elementor-widget-text-editor\" data-id=\"c071442\" data-element_type=\"widget\" data-widget_type=\"text-editor.default\">\n\t\t\t\t\t\t\t\t\t<p>Podemos compartir sus datos personales \u00fanicamente en las siguientes circunstancias:<\/p><p>\u2022 Con proveedores de servicios que colaboran con el alojamiento web, el an\u00e1lisis o las comunicaciones.<br \/>\u2022 Cuando lo exija la ley, procedimientos legales o las autoridades.<br \/>\u2022 Para proteger nuestros derechos, seguridad o propiedad.<\/p><p>No transferimos sus datos personales fuera del Espacio Econ\u00f3mico Europeo (EEE) a menos que existan las protecciones adecuadas.<\/p>\t\t\t\t\t\t\t\t<\/div>\n\t\t\t\t\t<\/div>\n\t\t\t\t<\/div>\n\t\t<div class=\"elementor-element elementor-element-71f48e9 e-flex e-con-boxed e-con e-parent\" data-id=\"71f48e9\" data-element_type=\"container\">\n\t\t\t\t\t<div class=\"e-con-inner\">\n\t\t\t\t<div class=\"elementor-element elementor-element-bbe28fc elementor-widget elementor-widget-heading\" data-id=\"bbe28fc\" data-element_type=\"widget\" data-widget_type=\"heading.default\">\n\t\t\t\t\t<h2 class=\"elementor-heading-title elementor-size-default\">6. Conservaci\u00f3n de datos<\/h2>\t\t\t\t<\/div>\n\t\t\t\t<div class=\"elementor-element elementor-element-f40d627 elementor-widget elementor-widget-text-editor\" data-id=\"f40d627\" data-element_type=\"widget\" data-widget_type=\"text-editor.default\">\n\t\t\t\t\t\t\t\t\t<p>Conservamos los datos personales \u00fanicamente durante el tiempo necesario para cumplir con los fines descritos en esta Pol\u00edtica de Privacidad o para cumplir con los requisitos legales.<br \/>Una vez que la informaci\u00f3n ya no sea necesaria, se eliminar\u00e1 de forma segura o se anonimizar\u00e1.<\/p>\t\t\t\t\t\t\t\t<\/div>\n\t\t\t\t\t<\/div>\n\t\t\t\t<\/div>\n\t\t<div class=\"elementor-element elementor-element-8ff421e e-flex e-con-boxed e-con e-parent\" data-id=\"8ff421e\" data-element_type=\"container\">\n\t\t\t\t\t<div class=\"e-con-inner\">\n\t\t\t\t<div class=\"elementor-element elementor-element-3ee7696 elementor-widget elementor-widget-heading\" data-id=\"3ee7696\" data-element_type=\"widget\" data-widget_type=\"heading.default\">\n\t\t\t\t\t<h2 class=\"elementor-heading-title elementor-size-default\">7. Seguridad de Datos<\/h2>\t\t\t\t<\/div>\n\t\t\t\t<div class=\"elementor-element elementor-element-69a51db elementor-widget elementor-widget-text-editor\" data-id=\"69a51db\" data-element_type=\"widget\" data-widget_type=\"text-editor.default\">\n\t\t\t\t\t\t\t\t\t<p>Implementamos medidas t\u00e9cnicas y organizativas razonables para proteger sus datos de:<\/p><p>\u2022 P\u00e9rdida<br \/>\u2022 Robo<br \/>\u2022 Acceso no autorizado<br \/>\u2022 Alteraci\u00f3n<br \/>\u2022 Divulgaci\u00f3n<\/p><p>Sin embargo, ninguna transmisi\u00f3n en l\u00ednea es completamente segura y no podemos garantizar una seguridad absoluta.<\/p>\t\t\t\t\t\t\t\t<\/div>\n\t\t\t\t\t<\/div>\n\t\t\t\t<\/div>\n\t\t<div class=\"elementor-element elementor-element-ec2025a e-flex e-con-boxed e-con e-parent\" data-id=\"ec2025a\" data-element_type=\"container\">\n\t\t\t\t\t<div class=\"e-con-inner\">\n\t\t\t\t<div class=\"elementor-element elementor-element-ecfefea elementor-widget elementor-widget-heading\" data-id=\"ecfefea\" data-element_type=\"widget\" data-widget_type=\"heading.default\">\n\t\t\t\t\t<h2 class=\"elementor-heading-title elementor-size-default\">8. Sus Derechos (RGPD)<\/h2>\t\t\t\t<\/div>\n\t\t\t\t<div class=\"elementor-element elementor-element-6693b2c elementor-widget elementor-widget-text-editor\" data-id=\"6693b2c\" data-element_type=\"widget\" data-widget_type=\"text-editor.default\">\n\t\t\t\t\t\t\t\t\t<p>Como residente de la Uni\u00f3n Europea, tiene los siguientes derechos:<\/p><p>\u2022 Derecho de acceso: solicitar una copia de sus datos personales.<br \/>\u2022 Derecho de rectificaci\u00f3n: corregir informaci\u00f3n inexacta o incompleta.<br \/>\u2022 Derecho de supresi\u00f3n: solicitar la eliminaci\u00f3n de sus datos (\u201cderecho al olvido\u201d).<br \/>\u2022 Derecho a restringir el procesamiento: limitar el uso de sus datos.<br \/>\u2022 Derecho a la portabilidad de datos: recibir sus datos en un formato estructurado.<br \/>\u2022 Derecho de oposici\u00f3n: oponerse al procesamiento de datos basado en intereses leg\u00edtimos.<br \/>\u2022 Derecho a revocar el consentimiento: en cualquier momento, cuando el procesamiento se base en el consentimiento.<\/p><p>Para ejercer cualquiera de estos derechos, cont\u00e1ctenos en: <strong>protecciones@adelcaservices.com<\/strong><\/p>\t\t\t\t\t\t\t\t<\/div>\n\t\t\t\t\t<\/div>\n\t\t\t\t<\/div>\n\t\t<div class=\"elementor-element elementor-element-69cd9e2 e-flex e-con-boxed e-con e-parent\" data-id=\"69cd9e2\" data-element_type=\"container\">\n\t\t\t\t\t<div class=\"e-con-inner\">\n\t\t\t\t<div class=\"elementor-element elementor-element-5590b24 elementor-widget elementor-widget-heading\" data-id=\"5590b24\" data-element_type=\"widget\" data-widget_type=\"heading.default\">\n\t\t\t\t\t<h2 class=\"elementor-heading-title elementor-size-default\">9. Enlaces de terceros<\/h2>\t\t\t\t<\/div>\n\t\t\t\t<div class=\"elementor-element elementor-element-1300b45 elementor-widget elementor-widget-text-editor\" data-id=\"1300b45\" data-element_type=\"widget\" data-widget_type=\"text-editor.default\">\n\t\t\t\t\t\t\t\t\t<p>Nuestro sitio web puede contener enlaces a sitios web de terceros. No nos responsabilizamos de las pr\u00e1cticas de privacidad ni del contenido de dichos sitios externos.<\/p>\t\t\t\t\t\t\t\t<\/div>\n\t\t\t\t\t<\/div>\n\t\t\t\t<\/div>\n\t\t<div class=\"elementor-element elementor-element-90dc2a3 e-flex e-con-boxed e-con e-parent\" data-id=\"90dc2a3\" data-element_type=\"container\">\n\t\t\t\t\t<div class=\"e-con-inner\">\n\t\t\t\t<div class=\"elementor-element elementor-element-9fd6c98 elementor-widget elementor-widget-heading\" data-id=\"9fd6c98\" data-element_type=\"widget\" data-widget_type=\"heading.default\">\n\t\t\t\t\t<h2 class=\"elementor-heading-title elementor-size-default\">10. Cambios en esta Pol\u00edtica de Privacidad<\/h2>\t\t\t\t<\/div>\n\t\t\t\t<div class=\"elementor-element elementor-element-859f8f1 elementor-widget elementor-widget-text-editor\" data-id=\"859f8f1\" data-element_type=\"widget\" data-widget_type=\"text-editor.default\">\n\t\t\t\t\t\t\t\t\t<p>Podemos actualizar esta Pol\u00edtica de Privacidad ocasionalmente. La \u00faltima versi\u00f3n siempre se publicar\u00e1 en esta p\u00e1gina con su fecha de actualizaci\u00f3n.<\/p>\t\t\t\t\t\t\t\t<\/div>\n\t\t\t\t\t<\/div>\n\t\t\t\t<\/div>\n\t\t<div class=\"elementor-element elementor-element-536e57b e-flex e-con-boxed e-con e-parent\" data-id=\"536e57b\" data-element_type=\"container\">\n\t\t\t\t\t<div class=\"e-con-inner\">\n\t\t\t\t<div class=\"elementor-element elementor-element-579a088 elementor-widget elementor-widget-heading\" data-id=\"579a088\" data-element_type=\"widget\" data-widget_type=\"heading.default\">\n\t\t\t\t\t<h2 class=\"elementor-heading-title elementor-size-default\">11. Informaci\u00f3n de contacto<\/h2>\t\t\t\t<\/div>\n\t\t\t\t<div class=\"elementor-element elementor-element-44fa948 elementor-widget elementor-widget-text-editor\" data-id=\"44fa948\" data-element_type=\"widget\" data-widget_type=\"text-editor.default\">\n\t\t\t\t\t\t\t\t\t<p>Si tiene alguna pregunta o solicitud relacionada con esta Pol\u00edtica de Privacidad, cont\u00e1ctenos:<\/p><p><strong>ADELCA SERVICES<\/strong><br \/>c\/ Moianes 53, 08014, Barcelona, \u200b\u200bEspa\u00f1a<br \/><strong>Correo electr\u00f3nico:<\/strong> protecciones@adelcaservices.com<br \/><strong>Tel\u00e9fono:<\/strong> +34 722 59 84 71<\/p>\t\t\t\t\t\t\t\t<\/div>\n\t\t\t\t\t<\/div>\n\t\t\t\t<\/div>\n\t\t<div class=\"elementor-element elementor-element-e038074 e-flex e-con-boxed e-con e-parent\" data-id=\"e038074\" data-element_type=\"container\">\n\t\t\t\t\t<div class=\"e-con-inner\">\n\t\t\t\t<div class=\"elementor-element elementor-element-22efa94 elementor-widget elementor-widget-spacer\" data-id=\"22efa94\" data-element_type=\"widget\" data-widget_type=\"spacer.default\">\n\t\t\t\t\t\t\t<div class=\"elementor-spacer\">\n\t\t\t<div class=\"elementor-spacer-inner\"><\/div>\n\t\t<\/div>\n\t\t\t\t\t\t<\/div>\n\t\t\t\t\t<\/div>\n\t\t\t\t<\/div>\n\t\t\t\t<\/div>","protected":false},"excerpt":{"rendered":"<p>Pol\u00edtica de privacidad \u00daltima actualizaci\u00f3n: [04.12.2025] Esta Pol\u00edtica de Privacidad explica c\u00f3mo ADELCA SERVICES (\u00abnosotros\u00bb, \u00abnos\u00bb o \u00abnuestro\u00bb) recopila, utiliza y protege los datos personales de los visitantes y usuarios de nuestro sitio web https:\/\/adelcaservices.com\/. Al acceder o utilizar nuestro sitio web, usted acepta las pr\u00e1cticas descritas en esta Pol\u00edtica de Privacidad. 1. Controlador de [&hellip;]<\/p>","protected":false},"author":1,"featured_media":0,"parent":0,"menu_order":0,"comment_status":"closed","ping_status":"closed","template":"elementor_header_footer","meta":{"iawp_total_views":4,"footnotes":""},"class_list":["post-3225","page","type-page","status-publish","hentry"],"_links":{"self":[{"href":"https:\/\/adelcaservices.com\/en\/wp-json\/wp\/v2\/pages\/3225","targetHints":{"allow":["GET"]}}],"collection":[{"href":"https:\/\/adelcaservices.com\/en\/wp-json\/wp\/v2\/pages"}],"about":[{"href":"https:\/\/adelcaservices.com\/en\/wp-json\/wp\/v2\/types\/page"}],"author":[{"embeddable":true,"href":"https:\/\/adelcaservices.com\/en\/wp-json\/wp\/v2\/users\/1"}],"replies":[{"embeddable":true,"href":"https:\/\/adelcaservices.com\/en\/wp-json\/wp\/v2\/comments?post=3225"}],"version-history":[{"count":0,"href":"https:\/\/adelcaservices.com\/en\/wp-json\/wp\/v2\/pages\/3225\/revisions"}],"wp:attachment":[{"href":"https:\/\/adelcaservices.com\/en\/wp-json\/wp\/v2\/media?parent=3225"}],"curies":[{"name":"wp","href":"https:\/\/api.w.org\/{rel}","templated":true}]}}